{"id":14820,"date":"2024-06-12T08:36:50","date_gmt":"2024-06-12T08:36:50","guid":{"rendered":"https:\/\/arbetaturizm.com.tr\/guidance-services\/"},"modified":"2024-12-21T18:50:13","modified_gmt":"2024-12-21T18:50:13","slug":"guidance-services","status":"publish","type":"page","link":"https:\/\/arbetaturizm.com.tr\/en\/guidance-services\/","title":{"rendered":"Guidance Services"},"content":{"rendered":"\t\t<div data-elementor-type=\"wp-page\" data-elementor-id=\"14820\" class=\"elementor elementor-14820 elementor-11273\" data-elementor-post-type=\"page\">\n\t\t\t\t<div class=\"elementor-element elementor-element-9f7c231 e-flex e-con-boxed e-con e-parent\" data-id=\"9f7c231\" data-element_type=\"container\" data-settings=\"{&quot;_ha_eqh_enable&quot;:false}\">\n\t\t\t\t\t<div class=\"e-con-inner\">\n\t\t<div class=\"elementor-element elementor-element-e0dfd33 e-con-full e-flex e-con e-child\" data-id=\"e0dfd33\" data-element_type=\"container\" data-settings=\"{&quot;_ha_eqh_enable&quot;:false}\">\n\t\t\t\t<div class=\"elementor-element elementor-element-97d7209 elementor-widget elementor-widget-image\" data-id=\"97d7209\" data-element_type=\"widget\" data-widget_type=\"image.default\">\n\t\t\t\t<div class=\"elementor-widget-container\">\n\t\t\t<style>\/*! elementor - v3.23.0 - 25-07-2024 *\/\n.elementor-widget-image{text-align:center}.elementor-widget-image a{display:inline-block}.elementor-widget-image a img[src$=\".svg\"]{width:48px}.elementor-widget-image img{vertical-align:middle;display:inline-block}<\/style>\t\t\t\t\t\t\t\t\t\t<img fetchpriority=\"high\" decoding=\"async\" width=\"980\" height=\"551\" src=\"https:\/\/arbetaturizm.com.tr\/wp-content\/uploads\/2024\/06\/rehberlik-hizmeti-1024x576.jpg\" class=\"attachment-large size-large wp-image-14402\" alt=\"\" srcset=\"https:\/\/arbetaturizm.com.tr\/wp-content\/uploads\/2024\/06\/rehberlik-hizmeti-1024x576.jpg 1024w, https:\/\/arbetaturizm.com.tr\/wp-content\/uploads\/2024\/06\/rehberlik-hizmeti-300x169.jpg 300w, https:\/\/arbetaturizm.com.tr\/wp-content\/uploads\/2024\/06\/rehberlik-hizmeti-768x432.jpg 768w, https:\/\/arbetaturizm.com.tr\/wp-content\/uploads\/2024\/06\/rehberlik-hizmeti-1536x864.jpg 1536w, https:\/\/arbetaturizm.com.tr\/wp-content\/uploads\/2024\/06\/rehberlik-hizmeti-800x450.jpg 800w, https:\/\/arbetaturizm.com.tr\/wp-content\/uploads\/2024\/06\/rehberlik-hizmeti.jpg 1920w\" sizes=\"(max-width: 980px) 100vw, 980px\" \/>\t\t\t\t\t\t\t\t\t\t\t\t\t<\/div>\n\t\t\t\t<\/div>\n\t\t\t\t<\/div>\n\t\t<div class=\"elementor-element elementor-element-ddc35a4 e-con-full e-flex e-con e-child\" data-id=\"ddc35a4\" data-element_type=\"container\" data-settings=\"{&quot;_ha_eqh_enable&quot;:false}\">\n\t\t\t\t<div class=\"elementor-element elementor-element-66341e2 elementor-widget elementor-widget-text-editor\" data-id=\"66341e2\" data-element_type=\"widget\" data-widget_type=\"text-editor.default\">\n\t\t\t\t<div class=\"elementor-widget-container\">\n\t\t\t<style>\/*! elementor - v3.23.0 - 25-07-2024 *\/\n.elementor-widget-text-editor.elementor-drop-cap-view-stacked .elementor-drop-cap{background-color:#69727d;color:#fff}.elementor-widget-text-editor.elementor-drop-cap-view-framed .elementor-drop-cap{color:#69727d;border:3px solid;background-color:transparent}.elementor-widget-text-editor:not(.elementor-drop-cap-view-default) .elementor-drop-cap{margin-top:8px}.elementor-widget-text-editor:not(.elementor-drop-cap-view-default) .elementor-drop-cap-letter{width:1em;height:1em}.elementor-widget-text-editor .elementor-drop-cap{float:left;text-align:center;line-height:1;font-size:50px}.elementor-widget-text-editor .elementor-drop-cap-letter{display:inline-block}<\/style>\t\t\t\t<p>Arbeta Tourism, which has been providing tourist guide services since its establishment; It organizes local and international tours to local and foreign guests with its expert and experienced guides.<\/p>\n<p>Our tours are carried out with our guides who speak <strong>English<\/strong>, <strong>Chinese<\/strong>, <strong>French<\/strong>, <strong>German<\/strong>, <strong>Russian<\/strong>, <strong>Japanese<\/strong>, <strong>Italian<\/strong>, <strong>Greek<\/strong> and <strong>Arabic<\/strong> languages. It is important for them to have a pleasant time and to have accurate information about the places visited and visited. <\/p>\n<p>All of our guides are licensed guides from the Ministry of Tourism and they are members of the <strong>TUREB (Association of Tourist Guides).<\/strong><\/p>\n<p>Arbeta Tourism organizes special group trips as well as provides tour services for institutions and organizations or guidance services to foreign guests of organizations.<\/p>\n<p><strong>Rehberlik ihtiya\u00e7lar\u0131n\u0131z i\u00e7in bizi arayabilirsiniz.<\/strong><\/p>\n\t\t\t\t\t\t<\/div>\n\t\t\t\t<\/div>\n\t\t\t\t<\/div>\n\t\t\t\t\t<\/div>\n\t\t\t\t<\/div>\n\t\t\t\t<\/div>\n\t\t","protected":false},"excerpt":{"rendered":"<p>Arbeta Tourism, which has been providing tourist guide services since its establishment; It organizes local and international tours to local and foreign guests with its expert and experienced guides. Our tours are carried out with our guides who speak English, Chinese, French, German, Russian, Japanese, Italian, Greek and Arabic languages. It is important for them [&hellip;]<\/p>\n","protected":false},"author":1,"featured_media":0,"parent":0,"menu_order":0,"comment_status":"closed","ping_status":"closed","template":"","meta":{"inline_featured_image":false,"footnotes":""},"class_list":["post-14820","page","type-page","status-publish","hentry"],"_links":{"self":[{"href":"https:\/\/arbetaturizm.com.tr\/en\/wp-json\/wp\/v2\/pages\/14820"}],"collection":[{"href":"https:\/\/arbetaturizm.com.tr\/en\/wp-json\/wp\/v2\/pages"}],"about":[{"href":"https:\/\/arbetaturizm.com.tr\/en\/wp-json\/wp\/v2\/types\/page"}],"author":[{"embeddable":true,"href":"https:\/\/arbetaturizm.com.tr\/en\/wp-json\/wp\/v2\/users\/1"}],"replies":[{"embeddable":true,"href":"https:\/\/arbetaturizm.com.tr\/en\/wp-json\/wp\/v2\/comments?post=14820"}],"version-history":[{"count":1,"href":"https:\/\/arbetaturizm.com.tr\/en\/wp-json\/wp\/v2\/pages\/14820\/revisions"}],"predecessor-version":[{"id":14821,"href":"https:\/\/arbetaturizm.com.tr\/en\/wp-json\/wp\/v2\/pages\/14820\/revisions\/14821"}],"wp:attachment":[{"href":"https:\/\/arbetaturizm.com.tr\/en\/wp-json\/wp\/v2\/media?parent=14820"}],"curies":[{"name":"wp","href":"https:\/\/api.w.org\/{rel}","templated":true}]}}