{"id":14856,"date":"2024-08-11T19:51:37","date_gmt":"2024-08-11T19:51:37","guid":{"rendered":"https:\/\/arbetaturizm.com.tr\/news\/"},"modified":"2024-12-24T11:30:41","modified_gmt":"2024-12-24T11:30:41","slug":"news","status":"publish","type":"page","link":"https:\/\/arbetaturizm.com.tr\/en\/news\/","title":{"rendered":"News"},"content":{"rendered":"\t\t<div data-elementor-type=\"wp-page\" data-elementor-id=\"14856\" class=\"elementor elementor-14856 elementor-12560\" data-elementor-post-type=\"page\">\n\t\t\t\t\t\t<section class=\"elementor-section elementor-top-section elementor-element elementor-element-688f11e0 elementor-section-content-middle elementor-section-boxed elementor-section-height-default elementor-section-height-default\" data-id=\"688f11e0\" data-element_type=\"section\" data-settings=\"{&quot;background_background&quot;:&quot;classic&quot;,&quot;_ha_eqh_enable&quot;:false}\">\n\t\t\t\t\t\t<div class=\"elementor-container elementor-column-gap-default\">\n\t\t\t\t\t<div class=\"elementor-column elementor-col-100 elementor-top-column elementor-element elementor-element-460518db\" data-id=\"460518db\" data-element_type=\"column\">\n\t\t\t<div class=\"elementor-widget-wrap elementor-element-populated\">\n\t\t\t\t\t\t<div class=\"elementor-element elementor-element-29bc7ed2 elementor-widget elementor-widget-text-editor\" data-id=\"29bc7ed2\" data-element_type=\"widget\" data-widget_type=\"text-editor.default\">\n\t\t\t\t<div class=\"elementor-widget-container\">\n\t\t\t<style>\/*! elementor - v3.23.0 - 25-07-2024 *\/\n.elementor-widget-text-editor.elementor-drop-cap-view-stacked .elementor-drop-cap{background-color:#69727d;color:#fff}.elementor-widget-text-editor.elementor-drop-cap-view-framed .elementor-drop-cap{color:#69727d;border:3px solid;background-color:transparent}.elementor-widget-text-editor:not(.elementor-drop-cap-view-default) .elementor-drop-cap{margin-top:8px}.elementor-widget-text-editor:not(.elementor-drop-cap-view-default) .elementor-drop-cap-letter{width:1em;height:1em}.elementor-widget-text-editor .elementor-drop-cap{float:left;text-align:center;line-height:1;font-size:50px}.elementor-widget-text-editor .elementor-drop-cap-letter{display:inline-block}<\/style>\t\t\t\t<p>On our News page, information and special offers that will make your trip unforgettable are waiting for you. Check out our current announcements to make every moment of your vacation more enjoyable. <\/p>\n\t\t\t\t\t\t<\/div>\n\t\t\t\t<\/div>\n\t\t\t\t<section class=\"elementor-section elementor-inner-section elementor-element elementor-element-12356d17 elementor-section-boxed elementor-section-height-default elementor-section-height-default\" data-id=\"12356d17\" data-element_type=\"section\" data-settings=\"{&quot;_ha_eqh_enable&quot;:false}\">\n\t\t\t\t\t\t<div class=\"elementor-container elementor-column-gap-default\">\n\t\t\t\t\t<div class=\"elementor-column elementor-col-33 elementor-inner-column elementor-element elementor-element-c521416\" data-id=\"c521416\" data-element_type=\"column\">\n\t\t\t<div class=\"elementor-widget-wrap elementor-element-populated\">\n\t\t\t\t\t\t<div class=\"elementor-element elementor-element-53829753 ha-card--top ha-card--tablet-top ha-card--mobile-top elementor-widget elementor-widget-ha-card happy-addon ha-card\" data-id=\"53829753\" data-element_type=\"widget\" data-widget_type=\"ha-card.default\">\n\t\t\t\t<div class=\"elementor-widget-container\">\n\t\t\t\n\t\t\t\t\t<figure class=\"ha-card-figure\">\n\t\t\t\t<img fetchpriority=\"high\" decoding=\"async\" width=\"750\" height=\"500\" src=\"https:\/\/arbetaturizm.com.tr\/wp-content\/uploads\/2024\/08\/thy.jpg\" class=\"elementor-animation-float attachment-full size-full wp-image-12630\" alt=\"\" srcset=\"https:\/\/arbetaturizm.com.tr\/wp-content\/uploads\/2024\/08\/thy.jpg 750w, https:\/\/arbetaturizm.com.tr\/wp-content\/uploads\/2024\/08\/thy-300x200.jpg 300w, https:\/\/arbetaturizm.com.tr\/wp-content\/uploads\/2024\/08\/thy-675x450.jpg 675w\" sizes=\"(max-width: 750px) 100vw, 750px\" \/>\t\t\t\t\t\t\t\t\t<div class=\"ha-badge ha-badge--bottom-left\">Announcement<\/div>\n\t\t\t\t\t\t\t<\/figure>\n\t\t\n\t\t<div class=\"ha-card-body\">\n\n\t\t\t<h2 class=\"ha-card-title\">Software and System Problems Experienced Throughout THY<\/h2>\n\t\t\t\t\t\t\t<div class=\"ha-card-text\">\n\t\t\t\t\t<p>Due to a technical glitch in THY systems, our GROUP AND INDIVIDUAL passengers...<\/p>\n\t\t\t\t<\/div>\n\t\t\t\n\t\t\t\t\t\t\t<a class=\"ha-btn ha-btn--icon-before\" href=\"https:\/\/arbetaturizm.com.tr\/thy-sistem-sorunlari\/\"><i class=\"ha-btn-icon triply-icon- triply-icon-angle-double-right\" aria-hidden=\"true\"><\/i> <span class=\"ha-btn-text\">Read more<\/span><\/a>\n\t\t\t\t\t\t<\/div>\n\t\t\t\t<\/div>\n\t\t\t\t<\/div>\n\t\t\t\t\t<\/div>\n\t\t<\/div>\n\t\t\t\t<div class=\"elementor-column elementor-col-33 elementor-inner-column elementor-element elementor-element-1317ac86\" data-id=\"1317ac86\" data-element_type=\"column\">\n\t\t\t<div class=\"elementor-widget-wrap elementor-element-populated\">\n\t\t\t\t\t\t<div class=\"elementor-element elementor-element-d8e51f7 ha-card--top ha-card--tablet-top ha-card--mobile-top elementor-widget elementor-widget-ha-card happy-addon ha-card\" data-id=\"d8e51f7\" data-element_type=\"widget\" data-widget_type=\"ha-card.default\">\n\t\t\t\t<div class=\"elementor-widget-container\">\n\t\t\t\n\t\t\t\t\t<figure class=\"ha-card-figure\">\n\t\t\t\t<img decoding=\"async\" width=\"750\" height=\"500\" src=\"https:\/\/arbetaturizm.com.tr\/wp-content\/uploads\/2024\/08\/avrupa.jpg\" class=\"elementor-animation-float attachment-full size-full wp-image-12626\" alt=\"\" srcset=\"https:\/\/arbetaturizm.com.tr\/wp-content\/uploads\/2024\/08\/avrupa.jpg 750w, https:\/\/arbetaturizm.com.tr\/wp-content\/uploads\/2024\/08\/avrupa-300x200.jpg 300w, https:\/\/arbetaturizm.com.tr\/wp-content\/uploads\/2024\/08\/avrupa-675x450.jpg 675w\" sizes=\"(max-width: 750px) 100vw, 750px\" \/>\t\t\t\t\t\t\t\t\t<div class=\"ha-badge ha-badge--bottom-left\">Announcement<\/div>\n\t\t\t\t\t\t\t<\/figure>\n\t\t\n\t\t<div class=\"ha-card-body\">\n\n\t\t\t<h2 class=\"ha-card-title\">Europe Fall Deals<\/h2>\n\t\t\t\t\t\t\t<div class=\"ha-card-text\">\n\t\t\t\t\t<p><br>Fall is the perfect time to explore the historical and cultural richness of Europe.<\/p>\n\t\t\t\t<\/div>\n\t\t\t\n\t\t\t\t\t\t\t<a class=\"ha-btn ha-btn--icon-before\" href=\"https:\/\/arbetaturizm.com.tr\/avrupa-sonbahar-firsatlari\/\"><i class=\"ha-btn-icon triply-icon- triply-icon-angle-double-right\" aria-hidden=\"true\"><\/i> <span class=\"ha-btn-text\">Read more<\/span><\/a>\n\t\t\t\t\t\t<\/div>\n\t\t\t\t<\/div>\n\t\t\t\t<\/div>\n\t\t\t\t\t<\/div>\n\t\t<\/div>\n\t\t\t\t<div class=\"elementor-column elementor-col-33 elementor-inner-column elementor-element elementor-element-6affcd03\" data-id=\"6affcd03\" data-element_type=\"column\">\n\t\t\t<div class=\"elementor-widget-wrap elementor-element-populated\">\n\t\t\t\t\t\t<div class=\"elementor-element elementor-element-863aa7a ha-card--top ha-card--tablet-top ha-card--mobile-top elementor-widget elementor-widget-ha-card happy-addon ha-card\" data-id=\"863aa7a\" data-element_type=\"widget\" data-widget_type=\"ha-card.default\">\n\t\t\t\t<div class=\"elementor-widget-container\">\n\t\t\t\n\t\t\t\t\t<figure class=\"ha-card-figure\">\n\t\t\t\t<img decoding=\"async\" width=\"750\" height=\"500\" src=\"https:\/\/arbetaturizm.com.tr\/wp-content\/uploads\/2024\/08\/euro2024.jpg\" class=\"elementor-animation-float attachment-full size-full wp-image-12617\" alt=\"\" srcset=\"https:\/\/arbetaturizm.com.tr\/wp-content\/uploads\/2024\/08\/euro2024.jpg 750w, https:\/\/arbetaturizm.com.tr\/wp-content\/uploads\/2024\/08\/euro2024-300x200.jpg 300w, https:\/\/arbetaturizm.com.tr\/wp-content\/uploads\/2024\/08\/euro2024-675x450.jpg 675w\" sizes=\"(max-width: 750px) 100vw, 750px\" \/>\t\t\t\t\t\t\t\t\t<div class=\"ha-badge ha-badge--bottom-left\">Opportunity<\/div>\n\t\t\t\t\t\t\t<\/figure>\n\t\t\n\t\t<div class=\"ha-card-body\">\n\n\t\t\t<h2 class=\"ha-card-title\">Additional Services to Berlin to Support Turkey's National Team!<\/h2>\n\t\t\t\t\t\t\t<div class=\"ha-card-text\">\n\t\t\t\t\t<p>Tak\u0131m\u0131m\u0131z\u0131 desteklemek i\u00e7in Pegasus Havayollar\u0131 6 ve 7 Temmuz g\u00fcnleri EK seferlerini eklemi\u015f bulumaktad\u0131r. <\/p>\n\t\t\t\t<\/div>\n\t\t\t\n\t\t\t\t\t\t\t<a class=\"ha-btn ha-btn--icon-before\" href=\"https:\/\/arbetaturizm.com.tr\/uefa-2024\/\"><i class=\"ha-btn-icon triply-icon- triply-icon-angle-double-right\" aria-hidden=\"true\"><\/i> <span class=\"ha-btn-text\">Read more<\/span><\/a>\n\t\t\t\t\t\t<\/div>\n\t\t\t\t<\/div>\n\t\t\t\t<\/div>\n\t\t\t\t\t<\/div>\n\t\t<\/div>\n\t\t\t\t\t<\/div>\n\t\t<\/section>\n\t\t\t\t\t<\/div>\n\t\t<\/div>\n\t\t\t\t\t<\/div>\n\t\t<\/section>\n\t\t\t\t<\/div>\n\t\t","protected":false},"excerpt":{"rendered":"<p>On our News page, information and special offers that will make your trip unforgettable are waiting for you. Check out our current announcements to make every moment of your vacation more enjoyable. Announcement Software and System Problems Experienced Throughout THY Due to a technical glitch in THY systems, our GROUP AND INDIVIDUAL passengers&#8230; Read more [&hellip;]<\/p>\n","protected":false},"author":1,"featured_media":0,"parent":0,"menu_order":0,"comment_status":"closed","ping_status":"closed","template":"","meta":{"inline_featured_image":false,"footnotes":""},"class_list":["post-14856","page","type-page","status-publish","hentry"],"_links":{"self":[{"href":"https:\/\/arbetaturizm.com.tr\/en\/wp-json\/wp\/v2\/pages\/14856"}],"collection":[{"href":"https:\/\/arbetaturizm.com.tr\/en\/wp-json\/wp\/v2\/pages"}],"about":[{"href":"https:\/\/arbetaturizm.com.tr\/en\/wp-json\/wp\/v2\/types\/page"}],"author":[{"embeddable":true,"href":"https:\/\/arbetaturizm.com.tr\/en\/wp-json\/wp\/v2\/users\/1"}],"replies":[{"embeddable":true,"href":"https:\/\/arbetaturizm.com.tr\/en\/wp-json\/wp\/v2\/comments?post=14856"}],"version-history":[{"count":1,"href":"https:\/\/arbetaturizm.com.tr\/en\/wp-json\/wp\/v2\/pages\/14856\/revisions"}],"predecessor-version":[{"id":14857,"href":"https:\/\/arbetaturizm.com.tr\/en\/wp-json\/wp\/v2\/pages\/14856\/revisions\/14857"}],"wp:attachment":[{"href":"https:\/\/arbetaturizm.com.tr\/en\/wp-json\/wp\/v2\/media?parent=14856"}],"curies":[{"name":"wp","href":"https:\/\/api.w.org\/{rel}","templated":true}]}}